{"id":1214,"date":"2018-10-17T09:16:05","date_gmt":"2018-10-17T08:16:05","guid":{"rendered":"http:\/\/212.44.101.107\/~eltas\/?page_id=1214"},"modified":"2020-01-20T16:53:33","modified_gmt":"2020-01-20T16:53:33","slug":"unsere-firma","status":"publish","type":"page","link":"https:\/\/eltas.si\/?page_id=1214&lang=de","title":{"rendered":"UNSERE FIRMA"},"content":{"rendered":"<p><div class=\"fusion-fullwidth fullwidth-box fusion-builder-row-1 hundred-percent-fullwidth non-hundred-percent-height-scrolling fusion-equal-height-columns\" style=\"background-color: rgba(255,255,255,0);background-position: center center;background-repeat: no-repeat;padding-top:0px;padding-right:0px;padding-bottom:0px;padding-left:0px;margin-bottom: 0px;margin-top: 0px;border-width: 0px 0px 0px 0px;border-color:#eae9e9;border-style:solid;\" ><div class=\"fusion-builder-row fusion-row\"><div class=\"fusion-layout-column fusion_builder_column fusion-builder-column-0 fusion_builder_column_1_2 1_2 fusion-one-half fusion-column-first\" style=\"width:50%;width:calc(50% - ( ( 4% ) * 0.5 ) );margin-right: 4%;margin-top:0px;margin-bottom:0px;\"><div class=\"fusion-column-wrapper fusion-flex-column-wrapper-legacy\" style=\"background-position:left top;background-repeat:no-repeat;-webkit-background-size:cover;-moz-background-size:cover;-o-background-size:cover;background-size:cover;padding: 100px 6% 100px 6%;\"><style type=\"text\/css\"><\/style><div class=\"fusion-title title fusion-title-1 fusion-sep-none fusion-title-text fusion-title-size-one\" style=\"margin-top:0px;margin-right:0px;margin-bottom:10PX;margin-left:0px;\"><h1 class=\"title-heading-left\" style=\"margin:0;\"><h1>ELTAS d.o.o.<\/h1><\/h1><\/div><div class=\"fusion-sep-clear\"><\/div><div class=\"fusion-separator fusion-clearfix\" style=\"float:left;margin-top:10px;margin-bottom:15px;width:100%;max-width:100px;\"><div class=\"fusion-separator-border sep-single sep-solid\" style=\"border-color:#60ad22;border-top-width:2px;\"><\/div><\/div><div class=\"fusion-sep-clear\"><\/div><div class=\"fusion-text fusion-text-1\"><p>ELTAS d. o. o. ist ein Unternehmen, das sich auf die Entwicklung, Konstruktion und Produktion von Folientastaturen, Foil Overlays und Benutzeroberfl\u00e4chen spezialisiert hat. Unser Kerngesch\u00e4ft ist die Herstellung von Produkten, die ausschlie\u00dflich auf die Bed\u00fcrfnisse jedes Kunden zugeschnitten sind (kundenspezifische Produkte) und die alle Industriestandards f\u00fcr die Steuerung von Ger\u00e4ten und Maschinen in verschiedenen Branchen wie Telekommunikation, Medizintechnik, Industrieelektronik, Messger\u00e4te usw. erf\u00fcllen. Wir sind in diesem Bereich \u00e4u\u00dferst effizient und wettbewerbsf\u00e4hig.<\/p>\n<\/div><div class=\"fusion-clearfix\"><\/div><\/div><\/div><div class=\"fusion-layout-column fusion_builder_column fusion-builder-column-1 fusion_builder_column_1_2 1_2 fusion-one-half fusion-column-last\" style=\"width:50%;width:calc(50% - ( ( 4% ) * 0.5 ) );margin-top:100px;margin-bottom:100px;\"><div class=\"fusion-column-wrapper fusion-flex-column-wrapper-legacy\" style=\"background-position:left top;background-repeat:no-repeat;-webkit-background-size:cover;-moz-background-size:cover;-o-background-size:cover;background-size:cover;padding: 0px 0px 0px 0px;\"><span class=\" fusion-imageframe imageframe-none imageframe-1 hover-type-none\"><img decoding=\"async\" width=\"1024\" height=\"526\" title=\"eltas11\" src=\"https:\/\/eltas.si\/wp-content\/uploads\/2020\/01\/eltas11-1024x526.jpg\" alt class=\"img-responsive wp-image-1607\" srcset=\"https:\/\/eltas.si\/wp-content\/uploads\/2020\/01\/eltas11-200x103.jpg 200w, https:\/\/eltas.si\/wp-content\/uploads\/2020\/01\/eltas11-400x206.jpg 400w, https:\/\/eltas.si\/wp-content\/uploads\/2020\/01\/eltas11-600x308.jpg 600w, https:\/\/eltas.si\/wp-content\/uploads\/2020\/01\/eltas11-800x411.jpg 800w, https:\/\/eltas.si\/wp-content\/uploads\/2020\/01\/eltas11-1200x617.jpg 1200w, https:\/\/eltas.si\/wp-content\/uploads\/2020\/01\/eltas11.jpg 1500w\" sizes=\"(max-width: 800px) 100vw, 600px\" \/><\/span><div class=\"fusion-clearfix\"><\/div><\/div><\/div><\/div><\/div><div class=\"fusion-fullwidth fullwidth-box fusion-builder-row-2 hundred-percent-fullwidth non-hundred-percent-height-scrolling fusion-equal-height-columns\" style=\"background-color: rgba(255,255,255,0);background-position: center center;background-repeat: no-repeat;padding-top:0px;padding-right:0px;padding-bottom:0px;padding-left:0px;margin-bottom: 0px;margin-top: 0px;border-width: 0px 0px 0px 0px;border-color:#eae9e9;border-style:solid;\" ><div class=\"fusion-builder-row fusion-row\"><div class=\"fusion-layout-column fusion_builder_column fusion-builder-column-2 fusion_builder_column_1_3 1_3 fusion-one-third fusion-column-first fusion-column-inner-bg-wrapper\" style=\"width:33.333333333333%;width:calc(33.333333333333% - ( ( 0 + 0 ) * 0.33333333333333 ) );margin-right: 0px;margin-top:0px;margin-bottom:20px;\"><div class=\"fusion-column-wrapper fusion-flex-column-wrapper-legacy\" style=\"padding: 100px 10% 100px 10%;\"><div class=\"fusion-text fusion-text-2\"><h2 style=\"text-align: center;\"><span style=\"color: #5b5b5b;\"><b>ANPASSUNGSF\u00c4HIGKEIT UND EFFIZIENZ<br \/>\n<\/b><\/span><\/h2>\n<\/div><div class=\"fusion-sep-clear\"><\/div><div class=\"fusion-separator fusion-full-width-sep\" style=\"margin-left: auto;margin-right: auto;margin-bottom:20px;width:100%;\"><div class=\"fusion-separator-border sep-single sep-solid\" style=\"border-color:#60ad22;border-top-width:2px;\"><\/div><\/div><div class=\"fusion-sep-clear\"><\/div><div class=\"fusion-sep-clear\"><\/div><div class=\"fusion-separator fusion-has-icon fusion-full-width-sep\" style=\"margin-left: auto;margin-right: auto;margin-bottom:20px;width:100%;\"><\/div><div class=\"fusion-sep-clear\"><\/div><div class=\"fusion-text fusion-text-3\"><p style=\"text-align: center;\">Geschwindigkeit ist unser gro\u00dfer Vorteil, da wir besonders auf die Flexibilit\u00e4t der Produktion und Entwicklung achten &#8211; das Unternehmen erm\u00f6glicht die Lieferung von Prototypenserien in k\u00fcrzester Zeit.<\/p>\n<\/div><div class=\"fusion-clearfix\"><\/div><\/div><span class=\"fusion-column-inner-bg hover-type-zoomin\"><span class=\"fusion-column-anchor\"><span class=\"fusion-column-inner-bg-image\" style=\"background-color:#ffffff;background-position:left top;background-repeat:no-repeat;-webkit-background-size:cover;-moz-background-size:cover;-o-background-size:cover;background-size:cover;\"><\/span><\/span><\/span><\/div><div class=\"fusion-layout-column fusion_builder_column fusion-builder-column-3 fusion_builder_column_1_3 1_3 fusion-one-third\" style=\"width:33.333333333333%;width:calc(33.333333333333% - ( ( 0 + 0 ) * 0.33333333333333 ) );margin-right: 0px;margin-top:0px;margin-bottom:20px;\"><div class=\"fusion-column-wrapper fusion-flex-column-wrapper-legacy\" style=\"background-position:left top;background-repeat:no-repeat;-webkit-background-size:cover;-moz-background-size:cover;-o-background-size:cover;background-size:cover;background-color:#ffffff;padding: 100px 10% 100px 10%;\"><div class=\"fusion-text fusion-text-4\"><h2 style=\"text-align: center;\"><span style=\"color: #5b5b5b;\"><b>BREITES ANGEBOT<br \/>\n<\/b><\/span><\/h2>\n<\/div><div class=\"fusion-sep-clear\"><\/div><div class=\"fusion-separator fusion-full-width-sep\" style=\"margin-left: auto;margin-right: auto;margin-bottom:20px;width:100%;\"><div class=\"fusion-separator-border sep-single sep-solid\" style=\"border-color:#60ad22;border-top-width:2px;\"><\/div><\/div><div class=\"fusion-sep-clear\"><\/div><div class=\"fusion-sep-clear\"><\/div><div class=\"fusion-separator fusion-has-icon fusion-full-width-sep\" style=\"margin-left: auto;margin-right: auto;margin-bottom:20px;width:100%;\"><\/div><div class=\"fusion-sep-clear\"><\/div><div class=\"fusion-text fusion-text-5\"><p style=\"text-align: center;\">Eine breite Palette verschiedener Tastatur-Designs erm\u00f6glicht die Aufr\u00fcstung von elektronischen Ger\u00e4ten und erf\u00fcllt alle Anforderungen in Design und Betrieb. Der hohe Integrationsgrad, der eine Vielzahl von Grafikoptionen und Schl\u00fcsseltypen umfasst, der Einbau von SMD-LED-Komponenten und Elektrolumineszenzlampen, bietet optimale Designl\u00f6sungen und vereinfacht den Aufbau jedes elektronischen Ger\u00e4ts. Die Ausstattung von Tastaturen mit Tr\u00e4gerplatten und die Verarbeitung der von Eltas angebotenen Standardgeh\u00e4use vereinfacht die Realisierung des Produkts zus\u00e4tzlich und entlastet das gesamte Dilemma der Designer.<\/p>\n<\/div><div class=\"fusion-clearfix\"><\/div><\/div><\/div><div class=\"fusion-layout-column fusion_builder_column fusion-builder-column-4 fusion_builder_column_1_3 1_3 fusion-one-third fusion-column-last\" style=\"width:33.333333333333%;width:calc(33.333333333333% - ( ( 0 + 0 ) * 0.33333333333333 ) );margin-top:0px;margin-bottom:20px;\"><div class=\"fusion-column-wrapper fusion-flex-column-wrapper-legacy\" style=\"background-position:left top;background-repeat:no-repeat;-webkit-background-size:cover;-moz-background-size:cover;-o-background-size:cover;background-size:cover;background-color:#ffffff;padding: 100px 10% 100px 10%;\"><div class=\"fusion-text fusion-text-6\"><h2 style=\"text-align: center;\"><span style=\"color: #5b5b5b;\"><b>ZUSAMMENARBEIT UND PARTNERSCHAFT<br \/>\n<\/b><\/span><\/h2>\n<\/div><div class=\"fusion-sep-clear\"><\/div><div class=\"fusion-separator fusion-full-width-sep\" style=\"margin-left: auto;margin-right: auto;margin-bottom:20px;width:100%;\"><div class=\"fusion-separator-border sep-single sep-solid\" style=\"border-color:#60ad22;border-top-width:2px;\"><\/div><\/div><div class=\"fusion-sep-clear\"><\/div><div class=\"fusion-sep-clear\"><\/div><div class=\"fusion-separator fusion-has-icon fusion-full-width-sep\" style=\"margin-left: auto;margin-right: auto;margin-bottom:20px;width:100%;\"><\/div><div class=\"fusion-sep-clear\"><\/div><div class=\"fusion-text fusion-text-7\"><p style=\"text-align: center;\">Die Zusammenarbeit mit unseren Kunden basiert auf einer Partnerschaft und zielt darauf ab, ein gemeinsames Ziel zu erreichen: Design und Technologie perfektionierte Produkte, die auf globaler Ebene erfolgreich sein werden.<\/p>\n<\/div><div class=\"fusion-clearfix\"><\/div><\/div><\/div><\/div><\/div><\/p>\n","protected":false},"excerpt":{"rendered":"","protected":false},"author":1,"featured_media":0,"parent":0,"menu_order":0,"comment_status":"closed","ping_status":"closed","template":"100-width.php","meta":{"footnotes":""},"class_list":["post-1214","page","type-page","status-publish","hentry"],"yoast_head":"<!-- This site is optimized with the Yoast SEO plugin v19.11 - https:\/\/yoast.com\/wordpress\/plugins\/seo\/ -->\n<title>UNSERE FIRMA - Eltas<\/title>\n<meta name=\"robots\" content=\"index, follow, max-snippet:-1, max-image-preview:large, max-video-preview:-1\" \/>\n<link rel=\"canonical\" href=\"https:\/\/eltas.si\/?page_id=1214&lang=de\" \/>\n<meta property=\"og:locale\" content=\"sl_SI\" \/>\n<meta property=\"og:type\" content=\"article\" \/>\n<meta property=\"og:title\" content=\"UNSERE FIRMA - Eltas\" \/>\n<meta property=\"og:url\" content=\"https:\/\/eltas.si\/?page_id=1214&amp;lang=de\" \/>\n<meta property=\"og:site_name\" content=\"Eltas\" \/>\n<meta property=\"article:modified_time\" content=\"2020-01-20T16:53:33+00:00\" \/>\n<meta name=\"twitter:card\" content=\"summary_large_image\" \/>\n<meta name=\"twitter:label1\" content=\"Est. reading time\" \/>\n\t<meta name=\"twitter:data1\" content=\"7 minut\" \/>\n<script type=\"application\/ld+json\" class=\"yoast-schema-graph\">{\"@context\":\"https:\/\/schema.org\",\"@graph\":[{\"@type\":\"WebPage\",\"@id\":\"https:\/\/eltas.si\/?page_id=1214&lang=de\",\"url\":\"https:\/\/eltas.si\/?page_id=1214&lang=de\",\"name\":\"UNSERE FIRMA - Eltas\",\"isPartOf\":{\"@id\":\"https:\/\/eltas.si\/#website\"},\"datePublished\":\"2018-10-17T08:16:05+00:00\",\"dateModified\":\"2020-01-20T16:53:33+00:00\",\"breadcrumb\":{\"@id\":\"https:\/\/eltas.si\/?page_id=1214&lang=de#breadcrumb\"},\"inLanguage\":\"sl-SI\",\"potentialAction\":[{\"@type\":\"ReadAction\",\"target\":[\"https:\/\/eltas.si\/?page_id=1214&lang=de\"]}]},{\"@type\":\"BreadcrumbList\",\"@id\":\"https:\/\/eltas.si\/?page_id=1214&lang=de#breadcrumb\",\"itemListElement\":[{\"@type\":\"ListItem\",\"position\":1,\"name\":\"Home\",\"item\":\"https:\/\/eltas.si\/?page_id=2&lang=en\"},{\"@type\":\"ListItem\",\"position\":2,\"name\":\"UNSERE FIRMA\"}]},{\"@type\":\"WebSite\",\"@id\":\"https:\/\/eltas.si\/#website\",\"url\":\"https:\/\/eltas.si\/\",\"name\":\"Eltas\",\"description\":\"Developement as the way of life\",\"publisher\":{\"@id\":\"https:\/\/eltas.si\/#organization\"},\"potentialAction\":[{\"@type\":\"SearchAction\",\"target\":{\"@type\":\"EntryPoint\",\"urlTemplate\":\"https:\/\/eltas.si\/?s={search_term_string}\"},\"query-input\":\"required name=search_term_string\"}],\"inLanguage\":\"sl-SI\"},{\"@type\":\"Organization\",\"@id\":\"https:\/\/eltas.si\/#organization\",\"name\":\"ELTAS d.o.o.\",\"url\":\"https:\/\/eltas.si\/\",\"logo\":{\"@type\":\"ImageObject\",\"inLanguage\":\"sl-SI\",\"@id\":\"https:\/\/eltas.si\/#\/schema\/logo\/image\/\",\"url\":\"https:\/\/eltas.si\/wp-content\/uploads\/2017\/10\/Eltas-nov-1-e1507704840190.png\",\"contentUrl\":\"https:\/\/eltas.si\/wp-content\/uploads\/2017\/10\/Eltas-nov-1-e1507704840190.png\",\"width\":300,\"height\":63,\"caption\":\"ELTAS d.o.o.\"},\"image\":{\"@id\":\"https:\/\/eltas.si\/#\/schema\/logo\/image\/\"}}]}<\/script>\n<!-- \/ Yoast SEO plugin. -->","yoast_head_json":{"title":"UNSERE FIRMA - Eltas","robots":{"index":"index","follow":"follow","max-snippet":"max-snippet:-1","max-image-preview":"max-image-preview:large","max-video-preview":"max-video-preview:-1"},"canonical":"https:\/\/eltas.si\/?page_id=1214&lang=de","og_locale":"sl_SI","og_type":"article","og_title":"UNSERE FIRMA - Eltas","og_url":"https:\/\/eltas.si\/?page_id=1214&lang=de","og_site_name":"Eltas","article_modified_time":"2020-01-20T16:53:33+00:00","twitter_card":"summary_large_image","twitter_misc":{"Est. reading time":"7 minut"},"schema":{"@context":"https:\/\/schema.org","@graph":[{"@type":"WebPage","@id":"https:\/\/eltas.si\/?page_id=1214&lang=de","url":"https:\/\/eltas.si\/?page_id=1214&lang=de","name":"UNSERE FIRMA - Eltas","isPartOf":{"@id":"https:\/\/eltas.si\/#website"},"datePublished":"2018-10-17T08:16:05+00:00","dateModified":"2020-01-20T16:53:33+00:00","breadcrumb":{"@id":"https:\/\/eltas.si\/?page_id=1214&lang=de#breadcrumb"},"inLanguage":"sl-SI","potentialAction":[{"@type":"ReadAction","target":["https:\/\/eltas.si\/?page_id=1214&lang=de"]}]},{"@type":"BreadcrumbList","@id":"https:\/\/eltas.si\/?page_id=1214&lang=de#breadcrumb","itemListElement":[{"@type":"ListItem","position":1,"name":"Home","item":"https:\/\/eltas.si\/?page_id=2&lang=en"},{"@type":"ListItem","position":2,"name":"UNSERE FIRMA"}]},{"@type":"WebSite","@id":"https:\/\/eltas.si\/#website","url":"https:\/\/eltas.si\/","name":"Eltas","description":"Developement as the way of life","publisher":{"@id":"https:\/\/eltas.si\/#organization"},"potentialAction":[{"@type":"SearchAction","target":{"@type":"EntryPoint","urlTemplate":"https:\/\/eltas.si\/?s={search_term_string}"},"query-input":"required name=search_term_string"}],"inLanguage":"sl-SI"},{"@type":"Organization","@id":"https:\/\/eltas.si\/#organization","name":"ELTAS d.o.o.","url":"https:\/\/eltas.si\/","logo":{"@type":"ImageObject","inLanguage":"sl-SI","@id":"https:\/\/eltas.si\/#\/schema\/logo\/image\/","url":"https:\/\/eltas.si\/wp-content\/uploads\/2017\/10\/Eltas-nov-1-e1507704840190.png","contentUrl":"https:\/\/eltas.si\/wp-content\/uploads\/2017\/10\/Eltas-nov-1-e1507704840190.png","width":300,"height":63,"caption":"ELTAS d.o.o."},"image":{"@id":"https:\/\/eltas.si\/#\/schema\/logo\/image\/"}}]}},"_links":{"self":[{"href":"https:\/\/eltas.si\/index.php?rest_route=\/wp\/v2\/pages\/1214","targetHints":{"allow":["GET"]}}],"collection":[{"href":"https:\/\/eltas.si\/index.php?rest_route=\/wp\/v2\/pages"}],"about":[{"href":"https:\/\/eltas.si\/index.php?rest_route=\/wp\/v2\/types\/page"}],"author":[{"embeddable":true,"href":"https:\/\/eltas.si\/index.php?rest_route=\/wp\/v2\/users\/1"}],"replies":[{"embeddable":true,"href":"https:\/\/eltas.si\/index.php?rest_route=%2Fwp%2Fv2%2Fcomments&post=1214"}],"version-history":[{"count":6,"href":"https:\/\/eltas.si\/index.php?rest_route=\/wp\/v2\/pages\/1214\/revisions"}],"predecessor-version":[{"id":1612,"href":"https:\/\/eltas.si\/index.php?rest_route=\/wp\/v2\/pages\/1214\/revisions\/1612"}],"wp:attachment":[{"href":"https:\/\/eltas.si\/index.php?rest_route=%2Fwp%2Fv2%2Fmedia&parent=1214"}],"curies":[{"name":"wp","href":"https:\/\/api.w.org\/{rel}","templated":true}]}}